{"id":11333,"date":"2025-04-23T15:54:05","date_gmt":"2025-04-23T12:54:05","guid":{"rendered":"https:\/\/saglampanel.com\/bayi-basvuru-formu\/"},"modified":"2025-09-08T17:55:22","modified_gmt":"2025-09-08T14:55:22","slug":"antragsformular-fuer-haendler","status":"publish","type":"page","link":"https:\/\/saglampanel.com\/de\/antragsformular-fuer-haendler\/","title":{"rendered":"Antragsformular f\u00fcr H\u00e4ndler"},"content":{"rendered":"\t\t<div data-elementor-type=\"wp-page\" data-elementor-id=\"11333\" class=\"elementor elementor-11333 elementor-11173\" data-elementor-post-type=\"page\">\n\t\t\t\t<div class=\"elementor-element elementor-element-af77661 archive-pt e-flex e-con-boxed e-con e-parent\" data-id=\"af77661\" data-element_type=\"container\" data-settings=\"{&quot;background_background&quot;:&quot;classic&quot;}\">\n\t\t\t\t\t<div class=\"e-con-inner\">\n\t\t\t\t<div class=\"elementor-element elementor-element-c2da528 elementor-widget elementor-widget-heading\" data-id=\"c2da528\" data-element_type=\"widget\" data-widget_type=\"heading.default\">\n\t\t\t\t<div class=\"elementor-widget-container\">\n\t\t\t\t\t<span class=\"elementor-heading-title elementor-size-default\">Sa\u011flam Panel H\u00e4ndler Antragsformular<\/span>\t\t\t\t<\/div>\n\t\t\t\t<\/div>\n\t\t\t\t<div class=\"elementor-element elementor-element-93b8008 elementor-widget__width-auto elementor-widget elementor-widget-heading\" data-id=\"93b8008\" data-element_type=\"widget\" data-widget_type=\"heading.default\">\n\t\t\t\t<div class=\"elementor-widget-container\">\n\t\t\t\t\t<h1 class=\"elementor-heading-title elementor-size-default\">Antragsformular f\u00fcr H\u00e4ndler<\/h1>\t\t\t\t<\/div>\n\t\t\t\t<\/div>\n\t\t\t\t\t<\/div>\n\t\t\t\t<\/div>\n\t\t<div class=\"elementor-element elementor-element-ce41947 e-flex e-con-boxed e-con e-parent\" data-id=\"ce41947\" data-element_type=\"container\" data-settings=\"{&quot;background_background&quot;:&quot;classic&quot;}\">\n\t\t\t\t\t<div class=\"e-con-inner\">\n\t\t\t\t<div class=\"elementor-element elementor-element-6c26f78 elementor-widget elementor-widget-html\" data-id=\"6c26f78\" data-element_type=\"widget\" data-widget_type=\"html.default\">\n\t\t\t\t<div class=\"elementor-widget-container\">\n\t\t\t\t\t<nav aria-label=\"breadcrumbs\" class=\"rank-math-breadcrumb\"><p><span class=\"last\">Ana Sayfa<\/span><\/p><\/nav>\t\t\t\t<\/div>\n\t\t\t\t<\/div>\n\t\t\t\t\t<\/div>\n\t\t\t\t<\/div>\n\t\t<div class=\"elementor-element elementor-element-9ae23fd e-flex e-con-boxed e-con e-parent\" data-id=\"9ae23fd\" data-element_type=\"container\">\n\t\t\t\t\t<div class=\"e-con-inner\">\n\t\t<div class=\"elementor-element elementor-element-3a77197 e-con-full basvuru-form e-flex e-con e-child\" data-id=\"3a77197\" data-element_type=\"container\">\n\t\t\t\t<div class=\"elementor-element elementor-element-45c5671 elementor-button-align-stretch elementor-widget elementor-widget-form\" data-id=\"45c5671\" data-element_type=\"widget\" data-settings=\"{&quot;step_next_label&quot;:&quot;Sonraki&quot;,&quot;step_previous_label&quot;:&quot;\\u00d6nceki&quot;,&quot;button_width&quot;:&quot;100&quot;,&quot;step_type&quot;:&quot;number_text&quot;,&quot;step_icon_shape&quot;:&quot;circle&quot;}\" data-widget_type=\"form.default\">\n\t\t\t\t<div class=\"elementor-widget-container\">\n\t\t\t\t\t\t\t<form class=\"elementor-form\" method=\"post\" name=\"\u00dcr\u00fcn Talep Formu\" aria-label=\"\u00dcr\u00fcn Talep Formu\">\n\t\t\t<input type=\"hidden\" name=\"post_id\" value=\"11333\"\/>\n\t\t\t<input type=\"hidden\" name=\"form_id\" value=\"45c5671\"\/>\n\t\t\t<input type=\"hidden\" name=\"referer_title\" value=\"Antragsformular f\u00fcr H\u00e4ndler - Sa\u011flam Panel\" \/>\n\n\t\t\t\t\t\t\t<input type=\"hidden\" name=\"queried_id\" value=\"11333\"\/>\n\t\t\t\n\t\t\t<div class=\"elementor-form-fields-wrapper elementor-labels-above\">\n\t\t\t\t\t\t\t\t<div class=\"elementor-field-type-html elementor-field-group elementor-column elementor-field-group-field_fd2f948 elementor-col-100\">\n\t\t\t\t\t<h3>Pers\u00f6nliche Angaben<\/h3>\t\t\t\t<\/div>\n\t\t\t\t\t\t\t\t<div class=\"elementor-field-type-text elementor-field-group elementor-column elementor-field-group-adsoyad elementor-col-50 elementor-field-required elementor-mark-required\">\n\t\t\t\t\t\t\t\t\t\t\t\t<label for=\"form-field-adsoyad\" class=\"elementor-field-label\">\n\t\t\t\t\t\t\t\tIhr Vor- und Nachname\t\t\t\t\t\t\t<\/label>\n\t\t\t\t\t\t\t\t\t\t\t\t\t\t<input size=\"1\" type=\"text\" name=\"form_fields[adsoyad]\" id=\"form-field-adsoyad\" class=\"elementor-field elementor-size-sm  elementor-field-textual\" placeholder=\"Ihr Vor- und Nachname\" required=\"required\">\n\t\t\t\t\t\t\t\t\t\t\t<\/div>\n\t\t\t\t\t\t\t\t<div class=\"elementor-field-type-text elementor-field-group elementor-column elementor-field-group-tcno elementor-col-50 elementor-field-required elementor-mark-required\">\n\t\t\t\t\t\t\t\t\t\t\t\t<label for=\"form-field-tcno\" class=\"elementor-field-label\">\n\t\t\t\t\t\t\t\tIhre Reisepassnummer\t\t\t\t\t\t\t<\/label>\n\t\t\t\t\t\t\t\t\t\t\t\t\t\t<input size=\"1\" type=\"text\" name=\"form_fields[tcno]\" id=\"form-field-tcno\" class=\"elementor-field elementor-size-sm  elementor-field-textual\" placeholder=\"Ihre Reisepassnummer\" required=\"required\">\n\t\t\t\t\t\t\t\t\t\t\t<\/div>\n\t\t\t\t\t\t\t\t<div class=\"elementor-field-type-html elementor-field-group elementor-column elementor-field-group-field_69604ad elementor-col-100\">\n\t\t\t\t\t<h3>Handelsregisterangaben<\/h3>\t\t\t\t<\/div>\n\t\t\t\t\t\t\t\t<div class=\"elementor-field-type-text elementor-field-group elementor-column elementor-field-group-sirketunvan elementor-col-100 elementor-field-required elementor-mark-required\">\n\t\t\t\t\t\t\t\t\t\t\t\t<label for=\"form-field-sirketunvan\" class=\"elementor-field-label\">\n\t\t\t\t\t\t\t\tFirmenname\t\t\t\t\t\t\t<\/label>\n\t\t\t\t\t\t\t\t\t\t\t\t\t\t<input size=\"1\" type=\"text\" name=\"form_fields[sirketunvan]\" id=\"form-field-sirketunvan\" class=\"elementor-field elementor-size-sm  elementor-field-textual\" placeholder=\"Firmenname\" required=\"required\">\n\t\t\t\t\t\t\t\t\t\t\t<\/div>\n\t\t\t\t\t\t\t\t<div class=\"elementor-field-type-text elementor-field-group elementor-column elementor-field-group-vergd elementor-col-50 elementor-field-required elementor-mark-required\">\n\t\t\t\t\t\t\t\t\t\t\t\t<label for=\"form-field-vergd\" class=\"elementor-field-label\">\n\t\t\t\t\t\t\t\tFinanzamt\t\t\t\t\t\t\t<\/label>\n\t\t\t\t\t\t\t\t\t\t\t\t\t\t<input size=\"1\" type=\"text\" name=\"form_fields[vergd]\" id=\"form-field-vergd\" class=\"elementor-field elementor-size-sm  elementor-field-textual\" placeholder=\"Finanzamt\" required=\"required\">\n\t\t\t\t\t\t\t\t\t\t\t<\/div>\n\t\t\t\t\t\t\t\t<div class=\"elementor-field-type-text elementor-field-group elementor-column elementor-field-group-vergino elementor-col-50 elementor-field-required elementor-mark-required\">\n\t\t\t\t\t\t\t\t\t\t\t\t<label for=\"form-field-vergino\" class=\"elementor-field-label\">\n\t\t\t\t\t\t\t\tSteuernummer\t\t\t\t\t\t\t<\/label>\n\t\t\t\t\t\t\t\t\t\t\t\t\t\t<input size=\"1\" type=\"text\" name=\"form_fields[vergino]\" id=\"form-field-vergino\" class=\"elementor-field elementor-size-sm  elementor-field-textual\" placeholder=\"Steuernummer\" required=\"required\">\n\t\t\t\t\t\t\t\t\t\t\t<\/div>\n\t\t\t\t\t\t\t\t<div class=\"elementor-field-type-html elementor-field-group elementor-column elementor-field-group-field_bc87293 elementor-col-100\">\n\t\t\t\t\t<h3>Beworben bei<\/h3>\t\t\t\t<\/div>\n\t\t\t\t\t\t\t\t<div class=\"elementor-field-type-text elementor-field-group elementor-column elementor-field-group-sehir elementor-col-50 elementor-field-required elementor-mark-required\">\n\t\t\t\t\t\t\t\t\t\t\t\t<label for=\"form-field-sehir\" class=\"elementor-field-label\">\n\t\t\t\t\t\t\t\tStadt\t\t\t\t\t\t\t<\/label>\n\t\t\t\t\t\t\t\t\t\t\t\t\t\t<input size=\"1\" type=\"text\" name=\"form_fields[sehir]\" id=\"form-field-sehir\" class=\"elementor-field elementor-size-sm  elementor-field-textual\" placeholder=\"Stadt\" required=\"required\">\n\t\t\t\t\t\t\t\t\t\t\t<\/div>\n\t\t\t\t\t\t\t\t<div class=\"elementor-field-type-text elementor-field-group elementor-column elementor-field-group-ilce elementor-col-50 elementor-field-required elementor-mark-required\">\n\t\t\t\t\t\t\t\t\t\t\t\t<label for=\"form-field-ilce\" class=\"elementor-field-label\">\n\t\t\t\t\t\t\t\tBezirk\t\t\t\t\t\t\t<\/label>\n\t\t\t\t\t\t\t\t\t\t\t\t\t\t<input size=\"1\" type=\"text\" name=\"form_fields[ilce]\" id=\"form-field-ilce\" class=\"elementor-field elementor-size-sm  elementor-field-textual\" placeholder=\"Bezirk\" required=\"required\">\n\t\t\t\t\t\t\t\t\t\t\t<\/div>\n\t\t\t\t\t\t\t\t<div class=\"elementor-field-type-text elementor-field-group elementor-column elementor-field-group-adres elementor-col-100 elementor-field-required elementor-mark-required\">\n\t\t\t\t\t\t\t\t\t\t\t\t<label for=\"form-field-adres\" class=\"elementor-field-label\">\n\t\t\t\t\t\t\t\tAdresse\t\t\t\t\t\t\t<\/label>\n\t\t\t\t\t\t\t\t\t\t\t\t\t\t<input size=\"1\" type=\"text\" name=\"form_fields[adres]\" id=\"form-field-adres\" class=\"elementor-field elementor-size-sm  elementor-field-textual\" placeholder=\"Adresse\" required=\"required\">\n\t\t\t\t\t\t\t\t\t\t\t<\/div>\n\t\t\t\t\t\t\t\t<div class=\"elementor-field-type-html elementor-field-group elementor-column elementor-field-group-field_162dc29 elementor-col-100\">\n\t\t\t\t\t<h3>Kontaktinformationen<\/h3>\t\t\t\t<\/div>\n\t\t\t\t\t\t\t\t<div class=\"elementor-field-type-tel elementor-field-group elementor-column elementor-field-group-tels elementor-col-50 elementor-field-required elementor-mark-required\">\n\t\t\t\t\t\t\t\t\t\t\t\t<label for=\"form-field-tels\" class=\"elementor-field-label\">\n\t\t\t\t\t\t\t\tIhre Telefonnummer\t\t\t\t\t\t\t<\/label>\n\t\t\t\t\t\t\t\t<input size=\"1\" type=\"tel\" name=\"form_fields[tels]\" id=\"form-field-tels\" class=\"elementor-field elementor-size-sm  elementor-field-textual\" placeholder=\"Ihre Telefonnummer\" required=\"required\" pattern=\"[0-9()#&amp;+*-=.]+\" title=\"Nur Nummern oder Telefon-Zeichen (#, -, *, etc) werden akzeptiert.\">\n\n\t\t\t\t\t\t<\/div>\n\t\t\t\t\t\t\t\t<div class=\"elementor-field-type-email elementor-field-group elementor-column elementor-field-group-email elementor-col-50 elementor-field-required elementor-mark-required\">\n\t\t\t\t\t\t\t\t\t\t\t\t<label for=\"form-field-email\" class=\"elementor-field-label\">\n\t\t\t\t\t\t\t\tIhre E-Mail-Adresse\t\t\t\t\t\t\t<\/label>\n\t\t\t\t\t\t\t\t\t\t\t\t\t\t<input size=\"1\" type=\"email\" name=\"form_fields[email]\" id=\"form-field-email\" class=\"elementor-field elementor-size-sm  elementor-field-textual\" placeholder=\"Ihre E-Mail-Adresse\" required=\"required\">\n\t\t\t\t\t\t\t\t\t\t\t<\/div>\n\t\t\t\t\t\t\t\t<div class=\"elementor-field-type-textarea elementor-field-group elementor-column elementor-field-group-message elementor-col-100\">\n\t\t\t\t\t\t\t\t\t\t\t\t<label for=\"form-field-message\" class=\"elementor-field-label\">\n\t\t\t\t\t\t\t\tIhre Nachricht\t\t\t\t\t\t\t<\/label>\n\t\t\t\t\t\t<textarea class=\"elementor-field-textual elementor-field  elementor-size-sm\" name=\"form_fields[message]\" id=\"form-field-message\" rows=\"4\" placeholder=\"Ihre Nachricht\"><\/textarea>\t\t\t\t<\/div>\n\t\t\t\t\t\t\t\t<div class=\"elementor-field-type-radio elementor-field-group elementor-column elementor-field-group-onay elementor-col-100 elementor-field-required elementor-mark-required\">\n\t\t\t\t\t\t\t\t\t\t\t\t<label for=\"form-field-onay\" class=\"elementor-field-label\">\n\t\t\t\t\t\t\t\tIhre personenbezogenen Daten werden gem\u00e4\u00df dem Gesetz Nr. 6698 zum Schutz personenbezogener Daten (KVKK) verarbeitet, um unsere gesch\u00e4ftlichen Aktivit\u00e4ten durchzuf\u00fchren, unsere Produkte und Dienstleistungen bereitzustellen, unsere Vertriebsprozesse zu verwalten, Vertragsprozesse abzuwickeln, Waren-\/Dienstleistungseink\u00e4ufe sowie Zahlungsprozesse zu steuern und kommerzielle sowie elektronische Mitteilungen zu \u00fcbermitteln. Weitere Informationen entnehmen Sie bitte unserer <a href=\"https:\/\/saglampanel.com\/de\/kvkk\/\" target=\"_blank\">Informationsschrift zum Schutz personenbezogener Daten<\/a>.\t\t\t\t\t\t\t<\/label>\n\t\t\t\t\t\t<div class=\"elementor-field-subgroup  \"><span class=\"elementor-field-option\"><input type=\"radio\" value=\"Ich habe gelesen, verstanden und stimme zu.\" id=\"form-field-onay-0\" name=\"form_fields[onay]\" required=\"required\"> <label for=\"form-field-onay-0\">Ich habe gelesen, verstanden und stimme zu.<\/label><\/span><\/div>\t\t\t\t<\/div>\n\t\t\t\t\t\t\t\t<div class=\"elementor-field-type-recaptcha_v3 elementor-field-group elementor-column elementor-field-group-field_914f10d elementor-col-100 recaptcha_v3-inline\">\n\t\t\t\t\t<div class=\"elementor-field\" id=\"form-field-field_914f10d\"><div class=\"elementor-g-recaptcha\" data-sitekey=\"6Ld6D5EnAAAAAFeTdOMwGpqjb2-7fl38tCZ-K_kT\" data-type=\"v3\" data-action=\"Form\" data-badge=\"inline\" data-size=\"invisible\"><\/div><\/div>\t\t\t\t<\/div>\n\t\t\t\t\t\t\t\t<div class=\"elementor-field-group elementor-column elementor-field-type-submit elementor-col-100 e-form__buttons\">\n\t\t\t\t\t<button class=\"elementor-button elementor-size-lg\" type=\"submit\">\n\t\t\t\t\t\t<span class=\"elementor-button-content-wrapper\">\n\t\t\t\t\t\t\t\t\t\t\t\t\t\t\t\t\t\t\t\t\t\t<span class=\"elementor-button-text\">SENDEN<\/span>\n\t\t\t\t\t\t\t\t\t\t\t\t\t<\/span>\n\t\t\t\t\t<\/button>\n\t\t\t\t<\/div>\n\t\t\t<\/div>\n\t\t<\/form>\n\t\t\t\t\t\t<\/div>\n\t\t\t\t<\/div>\n\t\t\t\t<\/div>\n\t\t\t\t\t<\/div>\n\t\t\t\t<\/div>\n\t\t<div class=\"elementor-element elementor-element-aa6f2d6 elementor-hidden-desktop elementor-hidden-tablet elementor-hidden-mobile e-flex e-con-boxed e-con e-parent\" data-id=\"aa6f2d6\" data-element_type=\"container\" data-settings=\"{&quot;background_background&quot;:&quot;classic&quot;}\">\n\t\t\t\t\t<div class=\"e-con-inner\">\n\t\t<div class=\"elementor-element elementor-element-f9eec11 e-con-full e-flex e-con e-child\" data-id=\"f9eec11\" data-element_type=\"container\">\n\t\t\t\t<div class=\"elementor-element elementor-element-aff605f elementor-widget elementor-widget-heading\" data-id=\"aff605f\" data-element_type=\"widget\" data-widget_type=\"heading.default\">\n\t\t\t\t<div class=\"elementor-widget-container\">\n\t\t\t\t\t<h2 class=\"elementor-heading-title elementor-size-default\">SA\u011eLAM YAPILARIN TERC\u0130H\u0130<br>\nSA\u011eLAM PANEL<\/h2>\t\t\t\t<\/div>\n\t\t\t\t<\/div>\n\t\t\t\t<div class=\"elementor-element elementor-element-757f504 elementor-widget elementor-widget-video\" data-id=\"757f504\" data-element_type=\"widget\" data-settings=\"{&quot;youtube_url&quot;:&quot;https:\\\/\\\/www.youtube.com\\\/watch?v=YtCOXo5QYuw&quot;,&quot;show_image_overlay&quot;:&quot;yes&quot;,&quot;image_overlay&quot;:{&quot;url&quot;:&quot;https:\\\/\\\/saglampanel.com\\\/wp-content\\\/uploads\\\/2025\\\/03\\\/tanitim-video-kapak.webp&quot;,&quot;id&quot;:1815,&quot;size&quot;:&quot;&quot;,&quot;alt&quot;:&quot;&quot;,&quot;source&quot;:&quot;library&quot;},&quot;lightbox&quot;:&quot;yes&quot;,&quot;video_type&quot;:&quot;youtube&quot;,&quot;controls&quot;:&quot;yes&quot;}\" data-widget_type=\"video.default\">\n\t\t\t\t<div class=\"elementor-widget-container\">\n\t\t\t\t\t\t\t<div class=\"elementor-wrapper elementor-open-lightbox\">\n\t\t\t\t\t\t\t<div class=\"elementor-custom-embed-image-overlay\" data-elementor-open-lightbox=\"yes\" data-elementor-lightbox=\"{&quot;type&quot;:&quot;video&quot;,&quot;videoType&quot;:&quot;youtube&quot;,&quot;url&quot;:&quot;https:\\\/\\\/www.youtube.com\\\/embed\\\/YtCOXo5QYuw?feature=oembed&amp;start&amp;end&amp;wmode=opaque&amp;loop=0&amp;controls=1&amp;mute=0&amp;rel=0&amp;cc_load_policy=0&quot;,&quot;autoplay&quot;:&quot;&quot;,&quot;modalOptions&quot;:{&quot;id&quot;:&quot;elementor-lightbox-757f504&quot;,&quot;entranceAnimation&quot;:&quot;&quot;,&quot;entranceAnimation_tablet&quot;:&quot;&quot;,&quot;entranceAnimation_mobile&quot;:&quot;&quot;,&quot;videoAspectRatio&quot;:&quot;169&quot;}}\" data-e-action-hash=\"#elementor-action%3Aaction%3Dlightbox%26settings%3DeyJ0eXBlIjoidmlkZW8iLCJ2aWRlb1R5cGUiOiJ5b3V0dWJlIiwidXJsIjoiaHR0cHM6XC9cL3d3dy55b3V0dWJlLmNvbVwvZW1iZWRcL1l0Q09YbzVRWXV3P2ZlYXR1cmU9b2VtYmVkJnN0YXJ0JmVuZCZ3bW9kZT1vcGFxdWUmbG9vcD0wJmNvbnRyb2xzPTEmbXV0ZT0wJnJlbD0wJmNjX2xvYWRfcG9saWN5PTAiLCJhdXRvcGxheSI6IiIsIm1vZGFsT3B0aW9ucyI6eyJpZCI6ImVsZW1lbnRvci1saWdodGJveC03NTdmNTA0IiwiZW50cmFuY2VBbmltYXRpb24iOiIiLCJlbnRyYW5jZUFuaW1hdGlvbl90YWJsZXQiOiIiLCJlbnRyYW5jZUFuaW1hdGlvbl9tb2JpbGUiOiIiLCJ2aWRlb0FzcGVjdFJhdGlvIjoiMTY5In19\">\n\t\t\t\t\t\t\t\t\t\t\t<img fetchpriority=\"high\" decoding=\"async\" width=\"800\" height=\"450\" src=\"https:\/\/saglampanel.com\/wp-content\/uploads\/2025\/03\/tanitim-video-kapak.webp\" class=\"attachment-full size-full wp-image-1815\" alt=\"\" srcset=\"https:\/\/saglampanel.com\/wp-content\/uploads\/2025\/03\/tanitim-video-kapak.webp 800w, https:\/\/saglampanel.com\/wp-content\/uploads\/2025\/03\/tanitim-video-kapak-300x169.webp 300w, https:\/\/saglampanel.com\/wp-content\/uploads\/2025\/03\/tanitim-video-kapak-768x432.webp 768w\" sizes=\"(max-width: 800px) 100vw, 800px\" \/>\t\t\t\t\t\t\t\t\t\t\t\t\t\t\t\t<div class=\"elementor-custom-embed-play\" role=\"button\" aria-label=\"Video abspielen\" tabindex=\"0\">\n\t\t\t\t\t\t\t<svg aria-hidden=\"true\" class=\"e-font-icon-svg e-eicon-play\" viewBox=\"0 0 1000 1000\" xmlns=\"http:\/\/www.w3.org\/2000\/svg\"><path d=\"M838 162C746 71 633 25 500 25 371 25 258 71 163 162 71 254 25 367 25 500 25 633 71 746 163 837 254 929 367 979 500 979 633 979 746 933 838 837 929 746 975 633 975 500 975 367 929 254 838 162M808 192C892 279 933 379 933 500 933 621 892 725 808 808 725 892 621 938 500 938 379 938 279 896 196 808 113 725 67 621 67 500 67 379 108 279 196 192 279 108 383 62 500 62 621 62 721 108 808 192M438 392V642L642 517 438 392Z\"><\/path><\/svg>\t\t\t\t\t\t<\/div>\n\t\t\t\t\t\t\t\t\t<\/div>\n\t\t\t\t\t<\/div>\n\t\t\t\t\t\t<\/div>\n\t\t\t\t<\/div>\n\t\t\t\t<\/div>\n\t\t<div class=\"elementor-element elementor-element-ae1494e e-con-full e-flex e-con e-child\" data-id=\"ae1494e\" data-element_type=\"container\">\n\t\t<div class=\"elementor-element elementor-element-fce4244 e-con-full e-flex e-con e-child\" data-id=\"fce4244\" data-element_type=\"container\">\n\t\t<div class=\"elementor-element elementor-element-74af844 e-con-full count-single e-flex e-con e-child\" data-id=\"74af844\" data-element_type=\"container\">\n\t\t<div class=\"elementor-element elementor-element-d78d4ab e-con-full e-flex e-con e-child\" data-id=\"d78d4ab\" data-element_type=\"container\">\n\t\t\t\t<div class=\"elementor-element elementor-element-c46b50c elementor-widget elementor-widget-counter\" data-id=\"c46b50c\" data-element_type=\"widget\" data-widget_type=\"counter.default\">\n\t\t\t\t<div class=\"elementor-widget-container\">\n\t\t\t\t\t\t\t<div class=\"elementor-counter\">\n\t\t\t\t\t\t<div class=\"elementor-counter-number-wrapper\">\n\t\t\t\t<span class=\"elementor-counter-number-prefix\"><\/span>\n\t\t\t\t<span class=\"elementor-counter-number\" data-duration=\"2000\" data-to-value=\"22\" data-from-value=\"0\" data-delimiter=\".\">0<\/span>\n\t\t\t\t<span class=\"elementor-counter-number-suffix\">+<\/span>\n\t\t\t<\/div>\n\t\t<\/div>\n\t\t\t\t\t\t<\/div>\n\t\t\t\t<\/div>\n\t\t\t\t<div class=\"elementor-element elementor-element-29ccf47 elementor-widget elementor-widget-heading\" data-id=\"29ccf47\" data-element_type=\"widget\" data-widget_type=\"heading.default\">\n\t\t\t\t<div class=\"elementor-widget-container\">\n\t\t\t\t\t<div class=\"elementor-heading-title elementor-size-default\">\u00dcLKEYE \u0130HRACAT<\/div>\t\t\t\t<\/div>\n\t\t\t\t<\/div>\n\t\t\t\t<\/div>\n\t\t<div class=\"elementor-element elementor-element-dfed3c6 e-con-full e-flex e-con e-child\" data-id=\"dfed3c6\" data-element_type=\"container\">\n\t\t\t\t<div class=\"elementor-element elementor-element-b789908 elementor-widget elementor-widget-html\" data-id=\"b789908\" data-element_type=\"widget\" data-widget_type=\"html.default\">\n\t\t\t\t<div class=\"elementor-widget-container\">\n\t\t\t\t\t  <a class=\"pbmit-svg-btn\">\r\n    <svg class=\"pbmit-svg-arrow\" xmlns=\"http:\/\/www.w3.org\/2000\/svg\" xmlns:xlink=\"http:\/\/www.w3.org\/1999\/xlink\" x=\"0px\" y=\"0px\" width=\"10\" height=\"19\" viewBox=\"0 0 19 19\" xml:space=\"preserve\">\r\n      <line x1=\"1\" y1=\"18\" x2=\"17.8\" y2=\"1.2\"><\/line>\r\n      <line x1=\"1.2\" y1=\"1\" x2=\"18\" y2=\"1\"><\/line>\r\n      <line x1=\"18\" y1=\"17.8\" x2=\"18\" y2=\"1\"><\/line>\r\n    <\/svg>\r\n  <\/a>\t\t\t\t<\/div>\n\t\t\t\t<\/div>\n\t\t\t\t<\/div>\n\t\t\t\t<\/div>\n\t\t<div class=\"elementor-element elementor-element-c8a9994 e-con-full count-single e-flex e-con e-child\" data-id=\"c8a9994\" data-element_type=\"container\">\n\t\t<div class=\"elementor-element elementor-element-c287ff7 e-con-full e-flex e-con e-child\" data-id=\"c287ff7\" data-element_type=\"container\">\n\t\t\t\t<div class=\"elementor-element elementor-element-8aa6d30 elementor-widget elementor-widget-counter\" data-id=\"8aa6d30\" data-element_type=\"widget\" data-widget_type=\"counter.default\">\n\t\t\t\t<div class=\"elementor-widget-container\">\n\t\t\t\t\t\t\t<div class=\"elementor-counter\">\n\t\t\t\t\t\t<div class=\"elementor-counter-number-wrapper\">\n\t\t\t\t<span class=\"elementor-counter-number-prefix\"><\/span>\n\t\t\t\t<span class=\"elementor-counter-number\" data-duration=\"2000\" data-to-value=\"5500\" data-from-value=\"0\" data-delimiter=\".\">0<\/span>\n\t\t\t\t<span class=\"elementor-counter-number-suffix\">m2<\/span>\n\t\t\t<\/div>\n\t\t<\/div>\n\t\t\t\t\t\t<\/div>\n\t\t\t\t<\/div>\n\t\t\t\t<div class=\"elementor-element elementor-element-d195f93 elementor-widget elementor-widget-heading\" data-id=\"d195f93\" data-element_type=\"widget\" data-widget_type=\"heading.default\">\n\t\t\t\t<div class=\"elementor-widget-container\">\n\t\t\t\t\t<div class=\"elementor-heading-title elementor-size-default\">\u00dcRET\u0130M ALANI<\/div>\t\t\t\t<\/div>\n\t\t\t\t<\/div>\n\t\t\t\t<\/div>\n\t\t<div class=\"elementor-element elementor-element-47abde3 e-con-full e-flex e-con e-child\" data-id=\"47abde3\" data-element_type=\"container\">\n\t\t\t\t<div class=\"elementor-element elementor-element-89a13e3 elementor-widget elementor-widget-html\" data-id=\"89a13e3\" data-element_type=\"widget\" data-widget_type=\"html.default\">\n\t\t\t\t<div class=\"elementor-widget-container\">\n\t\t\t\t\t  <a class=\"pbmit-svg-btn\">\r\n    <svg class=\"pbmit-svg-arrow\" xmlns=\"http:\/\/www.w3.org\/2000\/svg\" xmlns:xlink=\"http:\/\/www.w3.org\/1999\/xlink\" x=\"0px\" y=\"0px\" width=\"10\" height=\"19\" viewBox=\"0 0 19 19\" xml:space=\"preserve\">\r\n      <line x1=\"1\" y1=\"18\" x2=\"17.8\" y2=\"1.2\"><\/line>\r\n      <line x1=\"1.2\" y1=\"1\" x2=\"18\" y2=\"1\"><\/line>\r\n      <line x1=\"18\" y1=\"17.8\" x2=\"18\" y2=\"1\"><\/line>\r\n    <\/svg>\r\n  <\/a>\t\t\t\t<\/div>\n\t\t\t\t<\/div>\n\t\t\t\t<\/div>\n\t\t\t\t<\/div>\n\t\t<div class=\"elementor-element elementor-element-5778e33 e-con-full count-single e-flex e-con e-child\" data-id=\"5778e33\" data-element_type=\"container\">\n\t\t<div class=\"elementor-element elementor-element-5809850 e-con-full e-flex e-con e-child\" data-id=\"5809850\" data-element_type=\"container\">\n\t\t\t\t<div class=\"elementor-element elementor-element-1ccf262 elementor-widget elementor-widget-counter\" data-id=\"1ccf262\" data-element_type=\"widget\" data-widget_type=\"counter.default\">\n\t\t\t\t<div class=\"elementor-widget-container\">\n\t\t\t\t\t\t\t<div class=\"elementor-counter\">\n\t\t\t\t\t\t<div class=\"elementor-counter-number-wrapper\">\n\t\t\t\t<span class=\"elementor-counter-number-prefix\"><\/span>\n\t\t\t\t<span class=\"elementor-counter-number\" data-duration=\"2000\" data-to-value=\"9000\" data-from-value=\"0\" data-delimiter=\".\">0<\/span>\n\t\t\t\t<span class=\"elementor-counter-number-suffix\">m2<\/span>\n\t\t\t<\/div>\n\t\t<\/div>\n\t\t\t\t\t\t<\/div>\n\t\t\t\t<\/div>\n\t\t\t\t<div class=\"elementor-element elementor-element-33ec86e elementor-widget elementor-widget-heading\" data-id=\"33ec86e\" data-element_type=\"widget\" data-widget_type=\"heading.default\">\n\t\t\t\t<div class=\"elementor-widget-container\">\n\t\t\t\t\t<div class=\"elementor-heading-title elementor-size-default\">G\u00dcNL\u00dcK \u00dcRET\u0130M KAPAS\u0130TES\u0130<\/div>\t\t\t\t<\/div>\n\t\t\t\t<\/div>\n\t\t\t\t<\/div>\n\t\t<div class=\"elementor-element elementor-element-61fb329 e-con-full e-flex e-con e-child\" data-id=\"61fb329\" data-element_type=\"container\">\n\t\t\t\t<div class=\"elementor-element elementor-element-f5e8614 elementor-widget elementor-widget-html\" data-id=\"f5e8614\" data-element_type=\"widget\" data-widget_type=\"html.default\">\n\t\t\t\t<div class=\"elementor-widget-container\">\n\t\t\t\t\t  <a class=\"pbmit-svg-btn\">\r\n    <svg class=\"pbmit-svg-arrow\" xmlns=\"http:\/\/www.w3.org\/2000\/svg\" xmlns:xlink=\"http:\/\/www.w3.org\/1999\/xlink\" x=\"0px\" y=\"0px\" width=\"10\" height=\"19\" viewBox=\"0 0 19 19\" xml:space=\"preserve\">\r\n      <line x1=\"1\" y1=\"18\" x2=\"17.8\" y2=\"1.2\"><\/line>\r\n      <line x1=\"1.2\" y1=\"1\" x2=\"18\" y2=\"1\"><\/line>\r\n      <line x1=\"18\" y1=\"17.8\" x2=\"18\" y2=\"1\"><\/line>\r\n    <\/svg>\r\n  <\/a>\t\t\t\t<\/div>\n\t\t\t\t<\/div>\n\t\t\t\t<\/div>\n\t\t\t\t<\/div>\n\t\t\t\t<\/div>\n\t\t\t\t<\/div>\n\t\t\t\t\t<\/div>\n\t\t\t\t<\/div>\n\t\t\t\t<\/div>\n\t\t","protected":false},"excerpt":{"rendered":"<p>Sa\u011flam Panel H\u00e4ndler Antragsformular SA\u011eLAM YAPILARIN TERC\u0130H\u0130 SA\u011eLAM PANEL 0 + \u00dcLKEYE \u0130HRACAT 0 m2 \u00dcRET\u0130M ALANI 0 m2 G\u00dcNL\u00dcK \u00dcRET\u0130M KAPAS\u0130TES\u0130<\/p>\n","protected":false},"author":1,"featured_media":11257,"parent":0,"menu_order":0,"comment_status":"closed","ping_status":"closed","template":"","meta":{"_acf_changed":false,"inline_featured_image":false,"footnotes":""},"class_list":["post-11333","page","type-page","status-publish","has-post-thumbnail","hentry"],"acf":[],"_links":{"self":[{"href":"https:\/\/saglampanel.com\/de\/wp-json\/wp\/v2\/pages\/11333","targetHints":{"allow":["GET"]}}],"collection":[{"href":"https:\/\/saglampanel.com\/de\/wp-json\/wp\/v2\/pages"}],"about":[{"href":"https:\/\/saglampanel.com\/de\/wp-json\/wp\/v2\/types\/page"}],"author":[{"embeddable":true,"href":"https:\/\/saglampanel.com\/de\/wp-json\/wp\/v2\/users\/1"}],"replies":[{"embeddable":true,"href":"https:\/\/saglampanel.com\/de\/wp-json\/wp\/v2\/comments?post=11333"}],"version-history":[{"count":9,"href":"https:\/\/saglampanel.com\/de\/wp-json\/wp\/v2\/pages\/11333\/revisions"}],"predecessor-version":[{"id":12806,"href":"https:\/\/saglampanel.com\/de\/wp-json\/wp\/v2\/pages\/11333\/revisions\/12806"}],"wp:featuredmedia":[{"embeddable":true,"href":"https:\/\/saglampanel.com\/de\/wp-json\/wp\/v2\/media\/11257"}],"wp:attachment":[{"href":"https:\/\/saglampanel.com\/de\/wp-json\/wp\/v2\/media?parent=11333"}],"curies":[{"name":"wp","href":"https:\/\/api.w.org\/{rel}","templated":true}]}}