{"id":14174,"date":"2024-12-24T13:28:58","date_gmt":"2024-12-24T10:28:58","guid":{"rendered":"https:\/\/saglampanel.com\/video-de-confidentialite\/"},"modified":"2025-10-17T11:59:04","modified_gmt":"2025-10-17T08:59:04","slug":"video-de-confidentialite","status":"publish","type":"page","link":"https:\/\/saglampanel.com\/fr\/video-de-confidentialite\/","title":{"rendered":"Vid\u00e9o de confidentialit\u00e9"},"content":{"rendered":"\n<h2 class=\"wp-block-heading\">1. Introduction<\/h2>\n\n<p>Chez Sa\u011flam Panel, nous accordons une grande importance \u00e0 la confidentialit\u00e9 et \u00e0 la s\u00e9curit\u00e9 de vos donn\u00e9es personnelles. Cette Politique de Confidentialit\u00e9 explique comment vos donn\u00e9es personnelles sont collect\u00e9es, utilis\u00e9es, partag\u00e9es et prot\u00e9g\u00e9es lorsque vous visitez notre site Web (www.saglampanel.com), demandez des informations sur nos produits ou services, devenez client ou interagissez avec nous de quelque mani\u00e8re que ce soit. <\/p>\n\n<p>En acceptant cette politique, vous consentez au traitement de vos donn\u00e9es personnelles tel qu&rsquo;indiqu\u00e9 dans le pr\u00e9sent document. Si vous avez des questions ou des pr\u00e9occupations concernant le traitement de vos donn\u00e9es personnelles, veuillez nous contacter via nos coordonn\u00e9es de contact mentionn\u00e9es ci-dessous. <\/p>\n\n<h2 class=\"wp-block-heading\">2. Responsable du Traitement des Donn\u00e9es<\/h2>\n\n<p>Conform\u00e9ment \u00e0 la Loi n\u00b0 6698 sur la Protection des Donn\u00e9es Personnelles (la \u00ab\u00a0LPDP\u00a0\u00bb), vos donn\u00e9es personnelles pourront \u00eatre trait\u00e9es par Sa\u011flam Panel, en tant que responsable du traitement, dans le cadre d\u00e9crit ci-dessous.<\/p>\n\n<p>Responsable du Traitement des Donn\u00e9es : Sa\u011flam Panel<br\/>Adresse : Hanl\u0131k\u00f6y, Nisan Sokak No:4F &#8211; Arifiye \/ SAKARYA<br\/>T\u00e9l\u00e9phone :  +90 264 503 04 04<br\/>E-mail : info@saglampanel.com<\/p>\n\n<h2 class=\"wp-block-heading\">3. Donn\u00e9es Personnelles Collect\u00e9es<\/h2>\n\n<p>En tant que Sa\u011flam Panel, nous pouvons collecter les donn\u00e9es personnelles suivantes :<\/p>\n\n<h3 class=\"wp-block-heading\">3.1. Pour les visiteurs du site Web :<\/h3>\n\n<ul class=\"wp-block-list\">\n<li>Adresse IP et informations de navigateur<\/li>\n\n\n\n<li>Informations obtenues via les cookies (donn\u00e9es de navigation, dur\u00e9e de consultation des pages, etc.)<\/li>\n\n\n\n<li>Produits et services que vous consultez sur le site Web<\/li>\n\n\n\n<li>Votre nom, pr\u00e9nom, adresse e-mail, num\u00e9ro de t\u00e9l\u00e9phone et votre message, si vous remplissez le formulaire de contact<\/li>\n<\/ul>\n\n<h3 class=\"wp-block-heading\">3.2. Pour les clients :<\/h3>\n\n<ul class=\"wp-block-list\">\n<li>Nom, pr\u00e9nom, titre<\/li>\n\n\n\n<li>Coordonn\u00e9es (num\u00e9ro de t\u00e9l\u00e9phone, adresse e-mail)<\/li>\n\n\n\n<li>Nom de l&rsquo;entreprise, bureau des imp\u00f4ts, num\u00e9ro fiscal (pour les clients corporatifs)<\/li>\n\n\n\n<li>Adresse de livraison et de facturation<\/li>\n\n\n\n<li>Informations de paiement<\/li>\n\n\n\n<li>Historique des commandes et des transactions<\/li>\n\n\n\n<li>Enregistrements des entretiens (ou des appels) avec le service client<\/li>\n<\/ul>\n\n<h3 class=\"wp-block-heading\">3.3. Pour les candidats \u00e0 un emploi :<\/h3>\n\n<ul class=\"wp-block-list\">\n<li>Nom, pr\u00e9nom<\/li>\n\n\n\n<li>Coordonn\u00e9es<\/li>\n\n\n\n<li>Informations sur la formation et l&rsquo;exp\u00e9rience professionnelle<\/li>\n\n\n\n<li>Autres donn\u00e9es personnelles incluses dans votre CV<\/li>\n<\/ul>\n\n<h2 class=\"wp-block-heading\">4. Finalit\u00e9s du Traitement des Donn\u00e9es Personnelles<\/h2>\n\n<p>Vos donn\u00e9es personnelles sont trait\u00e9es aux fins suivantes :<\/p>\n\n<ul class=\"wp-block-list\">\n<li>Fourniture, vente et livraison de nos produits et services<\/li>\n\n\n\n<li>Gestion du suivi des commandes et des processus de service client<\/li>\n\n\n\n<li>\u00c9tablissement des factures et r\u00e9alisation des op\u00e9rations comptables<\/li>\n\n\n\n<li>R\u00e9alisation et s\u00e9curisation des transactions de paiement<\/li>\n\n\n\n<li>\u00c9valuation et r\u00e9solution de vos demandes et r\u00e9clamations<\/li>\n\n\n\n<li>Am\u00e9lioration et optimisation de notre site Web et de nos services<\/li>\n\n\n\n<li>Remplissement de nos obligations l\u00e9gales<\/li>\n\n\n\n<li>\u00c9valuation des candidatures et gestion des processus de recrutement<\/li>\n\n\n\n<li>Prise de contact avec vous en cas de besoin<\/li>\n\n\n\n<li>Information sur nos produits et services<\/li>\n\n\n\n<li>Gestion des proc\u00e9dures juridiques et protection de nos droits l\u00e9gaux<\/li>\n\n\n\n<li>Planification et ex\u00e9cution de nos activit\u00e9s commerciales<\/li>\n<\/ul>\n\n<h2 class=\"wp-block-heading\">5. Conservation et S\u00e9curit\u00e9 des Donn\u00e9es Personnelles<\/h2>\n\n<p>Vos donn\u00e9es personnelles seront conserv\u00e9es pour la dur\u00e9e requise par les finalit\u00e9s de traitement et conform\u00e9ment \u00e0 nos obligations l\u00e9gales de conservation. Une fois ces d\u00e9lais expir\u00e9s, vos donn\u00e9es personnelles seront effac\u00e9es, d\u00e9truites ou anonymis\u00e9es. <\/p>\n\n<p>En tant que Sa\u011flam Panel, nous prenons les mesures techniques et administratives appropri\u00e9es pour assurer la s\u00e9curit\u00e9 de vos donn\u00e9es personnelles. \u00c0 ce titre : <\/p>\n\n<ul class=\"wp-block-list\">\n<li>L&rsquo;autorisation d&rsquo;acc\u00e8s aux donn\u00e9es personnelles est limit\u00e9e.<\/li>\n\n\n\n<li>L&rsquo;acc\u00e8s aux bases de donn\u00e9es est prot\u00e9g\u00e9 par cryptage.<\/li>\n\n\n\n<li>Des audits r\u00e9guliers sont effectu\u00e9s concernant les processus de traitement des donn\u00e9es personnelles.<\/li>\n\n\n\n<li>Des formations sont dispens\u00e9es \u00e0 nos employ\u00e9s concernant la protection des donn\u00e9es personnelles.<\/li>\n<\/ul>\n\n<h2 class=\"wp-block-heading\">6. Partage des Donn\u00e9es Personnelles<\/h2>\n\n<p>Vos donn\u00e9es personnelles peuvent \u00eatre partag\u00e9es, dans les cas et avec les parties suivants :<\/p>\n\n<h3 class=\"wp-block-heading\">6.1. Obligations L\u00e9gales :<\/h3>\n\n<ul class=\"wp-block-list\">\n<li>Avec les institutions et organisations publiques autoris\u00e9es dans le cadre de nos obligations l\u00e9gales<\/li>\n\n\n\n<li>Avec les autorit\u00e9s judiciaires ou nos conseillers juridiques aux fins de la gestion des proc\u00e9dures l\u00e9gales<\/li>\n<\/ul>\n\n<h3 class=\"wp-block-heading\">6.2. Partenaires Commerciaux et Prestataires de Services :<\/h3>\n\n<ul class=\"wp-block-list\">\n<li>Avec les soci\u00e9t\u00e9s de transport sous contrat pour la livraison des produits<\/li>\n\n\n\n<li>Avec les prestataires de services de paiement pour la r\u00e9alisation des transactions de paiement<\/li>\n\n\n\n<li>Avec les prestataires de services auxquels nous faisons appel dans des domaines tels que les technologies de l&rsquo;information, la comptabilit\u00e9 et l&rsquo;audit<\/li>\n\n\n\n<li>Avec nos partenaires commerciaux et nos fournisseurs (uniquement dans la mesure n\u00e9cessaire)<\/li>\n<\/ul>\n\n<p>Vos donn\u00e9es personnelles ne sont en aucun cas vendues, lou\u00e9es ou partag\u00e9es \u00e0 des fins commerciales avec des tiers sans votre consentement.<\/p>\n\n<h2 class=\"wp-block-heading\">7. COOKIES ET TECHNOLOGIES SIMILAIRES<\/h2>\n\n<p>Nous utilisons des cookies et des technologies similaires sur notre site Web. Les cookies sont de petits fichiers texte t\u00e9l\u00e9charg\u00e9s sur votre ordinateur ou votre appareil mobile lorsque vous visitez le site Web. <\/p>\n\n<h3 class=\"wp-block-heading\">7.1. Types de Cookies que nous utilisons :<\/h3>\n\n<ul class=\"wp-block-list\">\n<li><strong>Cookies Essentiels : <\/strong>Ce sont des cookies n\u00e9cessaires \u00e0 l&rsquo;ex\u00e9cution des fonctions de base du site Web. Sans ces cookies, le site Web ne peut pas fonctionner correctement. <\/li>\n\n\n\n<li><strong>Cookies de Performance :<\/strong> Ce sont des cookies utilis\u00e9s pour analyser et am\u00e9liorer la performance du site Web.<\/li>\n\n\n\n<li><strong>Cookies de Fonctionnalit\u00e9 : <\/strong>Ce sont des cookies utilis\u00e9s pour m\u00e9moriser vos pr\u00e9f\u00e9rences et vous offrir une exp\u00e9rience personnalis\u00e9e.<\/li>\n\n\n\n<li><strong>Cookies de Ciblage\/Publicit\u00e9 : <\/strong>Ce sont des cookies utilis\u00e9s pour vous montrer des publicit\u00e9s bas\u00e9es sur vos centres d&rsquo;int\u00e9r\u00eat.<\/li>\n<\/ul>\n\n<h3 class=\"wp-block-heading\">7.2. Gestion des Cookies :<\/h3>\n\n<p>Vous avez le droit d&rsquo;accepter ou de refuser les cookies en modifiant les param\u00e8tres de votre navigateur. Pour plus d&rsquo;informations sur la fa\u00e7on de supprimer ou de bloquer les cookies, vous pouvez consulter le menu d&rsquo;aide de votre navigateur. Si vous refusez les cookies, vous pourriez ne pas \u00eatre en mesure de profiter pleinement de certaines fonctionnalit\u00e9s du site Web.  <\/p>\n\n<h2 class=\"wp-block-heading\">8. VOS DROITS EN VERTU DE LA LPDP<\/h2>\n\n<p>Conform\u00e9ment \u00e0 l&rsquo;article 11 de la Loi n\u00b0 6698 sur la Protection des Donn\u00e9es Personnelles, vous pouvez exercer les droits suivants en vous adressant \u00e0 Sa\u011flam Panel : <\/p>\n\n<ul class=\"wp-block-list\">\n<li>Obtenir la confirmation que vos donn\u00e9es personnelles sont ou ne sont pas trait\u00e9es<\/li>\n\n\n\n<li>Demander des informations sur le traitement de vos donn\u00e9es personnelles, si elles ont \u00e9t\u00e9 trait\u00e9es<\/li>\n\n\n\n<li>\u00catre inform\u00e9 de la finalit\u00e9 du traitement de vos donn\u00e9es personnelles et de leur utilisation conforme ou non \u00e0 cette finalit\u00e9<\/li>\n\n\n\n<li>Conna\u00eetre les tiers auxquels vos donn\u00e9es personnelles ont \u00e9t\u00e9 transf\u00e9r\u00e9es, que ce soit en Turquie ou \u00e0 l&rsquo;\u00e9tranger<\/li>\n\n\n\n<li>Demander la rectification de vos donn\u00e9es personnelles si elles sont incompl\u00e8tes ou trait\u00e9es de mani\u00e8re erron\u00e9e<\/li>\n\n\n\n<li>Demander l&rsquo;effacement ou la destruction de vos donn\u00e9es personnelles si les raisons justifiant leur traitement ont disparu<\/li>\n\n\n\n<li>Demander que vos demandes de rectification, d&rsquo;effacement ou de destruction soient notifi\u00e9es aux tiers auxquels vos donn\u00e9es personnelles ont \u00e9t\u00e9 transf\u00e9r\u00e9es<\/li>\n\n\n\n<li>Faire objection \u00e0 l&rsquo;\u00e9mergence d&rsquo;un r\u00e9sultat d\u00e9favorable \u00e0 votre \u00e9gard suite \u00e0 l&rsquo;analyse exclusive de vos donn\u00e9es trait\u00e9es par des syst\u00e8mes automatis\u00e9s<\/li>\n\n\n\n<li>Demander la r\u00e9paration du pr\u00e9judice subi en raison du traitement illicite de vos donn\u00e9es personnelles<\/li>\n<\/ul>\n\n<p>Pour exercer les droits mentionn\u00e9s ci-dessus, vous pouvez nous contacter personnellement, par l&rsquo;interm\u00e9diaire d&rsquo;un notaire, ou via une adresse de courrier \u00e9lectronique recommand\u00e9 (KEP), en joignant les informations n\u00e9cessaires \u00e0 votre identification ainsi qu&rsquo;une p\u00e9tition pr\u00e9cisant clairement votre demande. Nous traiterons votre demande gratuitement dans les plus brefs d\u00e9lais et au plus tard dans les 30 jours, en fonction de la nature de la requ\u00eate. <\/p>\n\n<h2 class=\"wp-block-heading\">9. MODIFICATIONS DE LA POLITIQUE DE CONFIDENTIALIT\u00c9<\/h2>\n\n<p>Nous nous r\u00e9servons le droit de modifier cette Politique de Confidentialit\u00e9 \u00e0 tout moment. Les modifications apport\u00e9es \u00e0 la politique seront valables \u00e0 compter de la date de leur publication sur notre site Web. En cas de changements importants, une notification sera faite via notre site Web ou par e-mail.  <\/p>\n\n<h2 class=\"wp-block-heading\">10. CONTACT<\/h2>\n\n<p>Pour toute question concernant la Politique de Confidentialit\u00e9 ou le traitement de vos donn\u00e9es personnelles, vous pouvez nous contacter via les coordonn\u00e9es ci-dessous :<\/p>\n\n<p><strong><a href=\"https:\/\/saglampanel.com\/fr\/\">Sa\u011flam Panel <\/a><\/strong>Adresse : Hanl\u0131k\u00f6y, Nisan Sokak No:4F &#8211; Arifiye \/ SAKARYA T\u00e9l\u00e9phone : +90 264 503 04 04 E-mail : <a href=\"mailto:info@saglampanel.com\">info@saglampanel.com<\/a><\/p>\n\n<p><em>Derni\u00e8re mise \u00e0 jour : 17\/04\/2025<\/em><\/p>\n\n<p><\/p>\n","protected":false},"excerpt":{"rendered":"<p>1. Introduction Chez Sa\u011flam Panel, nous accordons une grande importance \u00e0 la confidentialit\u00e9 et \u00e0 la s\u00e9curit\u00e9 de vos donn\u00e9es personnelles. Cette Politique de Confidentialit\u00e9 explique comment vos donn\u00e9es personnelles sont collect\u00e9es, utilis\u00e9es, partag\u00e9es et prot\u00e9g\u00e9es lorsque vous visitez notre site Web (www.saglampanel.com), demandez des informations sur nos produits ou services, devenez client ou interagissez [&hellip;]<\/p>\n","protected":false},"author":1,"featured_media":0,"parent":0,"menu_order":0,"comment_status":"closed","ping_status":"closed","template":"politika-template.php","meta":{"_acf_changed":false,"inline_featured_image":false,"footnotes":""},"class_list":["post-14174","page","type-page","status-publish","hentry"],"acf":[],"_links":{"self":[{"href":"https:\/\/saglampanel.com\/fr\/wp-json\/wp\/v2\/pages\/14174","targetHints":{"allow":["GET"]}}],"collection":[{"href":"https:\/\/saglampanel.com\/fr\/wp-json\/wp\/v2\/pages"}],"about":[{"href":"https:\/\/saglampanel.com\/fr\/wp-json\/wp\/v2\/types\/page"}],"author":[{"embeddable":true,"href":"https:\/\/saglampanel.com\/fr\/wp-json\/wp\/v2\/users\/1"}],"replies":[{"embeddable":true,"href":"https:\/\/saglampanel.com\/fr\/wp-json\/wp\/v2\/comments?post=14174"}],"version-history":[{"count":1,"href":"https:\/\/saglampanel.com\/fr\/wp-json\/wp\/v2\/pages\/14174\/revisions"}],"predecessor-version":[{"id":14175,"href":"https:\/\/saglampanel.com\/fr\/wp-json\/wp\/v2\/pages\/14174\/revisions\/14175"}],"wp:attachment":[{"href":"https:\/\/saglampanel.com\/fr\/wp-json\/wp\/v2\/media?parent=14174"}],"curies":[{"name":"wp","href":"https:\/\/api.w.org\/{rel}","templated":true}]}}