{"id":14188,"date":"2025-01-21T12:54:49","date_gmt":"2025-01-21T09:54:49","guid":{"rendered":"https:\/\/saglampanel.com\/ressources-humaines\/"},"modified":"2025-10-17T12:30:39","modified_gmt":"2025-10-17T09:30:39","slug":"ressources-humaines","status":"publish","type":"page","link":"https:\/\/saglampanel.com\/fr\/ressources-humaines\/","title":{"rendered":"Ressources humaines"},"content":{"rendered":"\t\t<div data-elementor-type=\"wp-page\" data-elementor-id=\"14188\" class=\"elementor elementor-14188 elementor-857\" data-elementor-post-type=\"page\">\n\t\t\t\t<div class=\"elementor-element elementor-element-af77661 archive-pt e-flex e-con-boxed e-con e-parent\" data-id=\"af77661\" data-element_type=\"container\" data-settings=\"{&quot;background_background&quot;:&quot;classic&quot;}\">\n\t\t\t\t\t<div class=\"e-con-inner\">\n\t\t\t\t<div class=\"elementor-element elementor-element-c2da528 elementor-widget elementor-widget-heading\" data-id=\"c2da528\" data-element_type=\"widget\" data-widget_type=\"heading.default\">\n\t\t\t\t<div class=\"elementor-widget-container\">\n\t\t\t\t\t<span class=\"elementor-heading-title elementor-size-default\">Rejoignez-nous<\/span>\t\t\t\t<\/div>\n\t\t\t\t<\/div>\n\t\t\t\t<div class=\"elementor-element elementor-element-93b8008 elementor-widget__width-auto elementor-widget elementor-widget-heading\" data-id=\"93b8008\" data-element_type=\"widget\" data-widget_type=\"heading.default\">\n\t\t\t\t<div class=\"elementor-widget-container\">\n\t\t\t\t\t<h1 class=\"elementor-heading-title elementor-size-default\">Ressources humaines<\/h1>\t\t\t\t<\/div>\n\t\t\t\t<\/div>\n\t\t\t\t\t<\/div>\n\t\t\t\t<\/div>\n\t\t<div class=\"elementor-element elementor-element-ce41947 e-flex e-con-boxed e-con e-parent\" data-id=\"ce41947\" data-element_type=\"container\" data-settings=\"{&quot;background_background&quot;:&quot;classic&quot;}\">\n\t\t\t\t\t<div class=\"e-con-inner\">\n\t\t\t\t<div class=\"elementor-element elementor-element-6c26f78 elementor-widget elementor-widget-html\" data-id=\"6c26f78\" data-element_type=\"widget\" data-widget_type=\"html.default\">\n\t\t\t\t<div class=\"elementor-widget-container\">\n\t\t\t\t\t<nav aria-label=\"breadcrumbs\" class=\"rank-math-breadcrumb\"><p><span class=\"last\">Ana Sayfa<\/span><\/p><\/nav>\t\t\t\t<\/div>\n\t\t\t\t<\/div>\n\t\t\t\t\t<\/div>\n\t\t\t\t<\/div>\n\t\t<div class=\"elementor-element elementor-element-9ae23fd e-flex e-con-boxed e-con e-parent\" data-id=\"9ae23fd\" data-element_type=\"container\">\n\t\t\t\t\t<div class=\"e-con-inner\">\n\t\t<div class=\"elementor-element elementor-element-a2547cf e-con-full e-flex e-con e-child\" data-id=\"a2547cf\" data-element_type=\"container\">\n\t\t\t\t<div class=\"elementor-element elementor-element-21c0ea3 elementor-widget elementor-widget-image\" data-id=\"21c0ea3\" data-element_type=\"widget\" data-widget_type=\"image.default\">\n\t\t\t\t<div class=\"elementor-widget-container\">\n\t\t\t\t\t\t\t\t\t\t\t\t\t\t\t<img fetchpriority=\"high\" decoding=\"async\" width=\"519\" height=\"559\" src=\"https:\/\/saglampanel.com\/wp-content\/uploads\/2025\/01\/saglam-adam-logo.webp\" class=\"attachment-large size-large wp-image-14131\" alt=\"\" srcset=\"https:\/\/saglampanel.com\/wp-content\/uploads\/2025\/01\/saglam-adam-logo.webp 519w, https:\/\/saglampanel.com\/wp-content\/uploads\/2025\/01\/saglam-adam-logo-279x300.webp 279w\" sizes=\"(max-width: 519px) 100vw, 519px\" \/>\t\t\t\t\t\t\t\t\t\t\t\t\t\t\t<\/div>\n\t\t\t\t<\/div>\n\t\t\t\t<div class=\"elementor-element elementor-element-5c86d8f elementor-position-left elementor-view-default elementor-mobile-position-top elementor-widget elementor-widget-icon-box\" data-id=\"5c86d8f\" data-element_type=\"widget\" data-widget_type=\"icon-box.default\">\n\t\t\t\t<div class=\"elementor-widget-container\">\n\t\t\t\t\t\t\t<div class=\"elementor-icon-box-wrapper\">\n\n\t\t\t\t\t\t<div class=\"elementor-icon-box-icon\">\n\t\t\t\t<a href=\"https:\/\/www.linkedin.com\/company\/saglam-panel\" target=\"_blank\" class=\"elementor-icon\" tabindex=\"-1\" aria-label=\"Sa\u011flam Panel LinkedIn\" rel=\"noopener\">\n\t\t\t\t<svg aria-hidden=\"true\" class=\"e-font-icon-svg e-fab-linkedin-in\" viewBox=\"0 0 448 512\" xmlns=\"http:\/\/www.w3.org\/2000\/svg\"><path d=\"M100.28 448H7.4V148.9h92.88zM53.79 108.1C24.09 108.1 0 83.5 0 53.8a53.79 53.79 0 0 1 107.58 0c0 29.7-24.1 54.3-53.79 54.3zM447.9 448h-92.68V302.4c0-34.7-.7-79.2-48.29-79.2-48.29 0-55.69 37.7-55.69 76.7V448h-92.78V148.9h89.08v40.8h1.3c12.4-23.5 42.69-48.3 87.88-48.3 94 0 111.28 61.9 111.28 142.3V448z\"><\/path><\/svg>\t\t\t\t<\/a>\n\t\t\t<\/div>\n\t\t\t\n\t\t\t\t\t\t<div class=\"elementor-icon-box-content\">\n\n\t\t\t\t\t\t\t\t\t<span class=\"elementor-icon-box-title\">\n\t\t\t\t\t\t<a href=\"https:\/\/www.linkedin.com\/company\/saglam-panel\" target=\"_blank\" rel=\"noopener\">\n\t\t\t\t\t\t\tSa\u011flam Panel LinkedIn\t\t\t\t\t\t<\/a>\n\t\t\t\t\t<\/span>\n\t\t\t\t\n\t\t\t\t\n\t\t\t<\/div>\n\t\t\t\n\t\t<\/div>\n\t\t\t\t\t\t<\/div>\n\t\t\t\t<\/div>\n\t\t\t\t<div class=\"elementor-element elementor-element-14f33d0 elementor-view-default elementor-position-top elementor-mobile-position-top elementor-widget elementor-widget-icon-box\" data-id=\"14f33d0\" data-element_type=\"widget\" data-widget_type=\"icon-box.default\">\n\t\t\t\t<div class=\"elementor-widget-container\">\n\t\t\t\t\t\t\t<div class=\"elementor-icon-box-wrapper\">\n\n\t\t\t\t\t\t<div class=\"elementor-icon-box-icon\">\n\t\t\t\t<span  class=\"elementor-icon\">\n\t\t\t\t<svg xmlns=\"http:\/\/www.w3.org\/2000\/svg\" viewBox=\"0 0 53.25 53.25\"><defs><style>.cls-1{fill:#262626;}<\/style><\/defs><g id=\"&#x421;&#x43B;&#x43E;&#x439;_2\" data-name=\"&#x421;&#x43B;&#x43E;&#x439; 2\"><g id=\"Layer_1\" data-name=\"Layer 1\"><path class=\"cls-1\" d=\"M26.62,27.25a13.26,13.26,0,0,1-2.26-.19.62.62,0,0,1,.21-1.23,12.89,12.89,0,0,0,2.05.17,12.38,12.38,0,1,0-8.14-3.06.63.63,0,1,1-.83.94,13.63,13.63,0,1,1,9,3.37Z\"><\/path><path class=\"cls-1\" d=\"M52.62,53.25H.62A.63.63,0,0,1,0,52.62v-20A.62.62,0,0,1,.62,32h9.8l10.84-7.88a.62.62,0,0,1,.95.72L19.53,32H52.62a.63.63,0,0,1,.63.62v20A.63.63,0,0,1,52.62,53.25ZM1.25,52H52V33.25H18.62a.63.63,0,0,1-.51-.27.61.61,0,0,1-.07-.57l2.27-6L11,33.13a.58.58,0,0,1-.36.12H1.25Z\"><\/path><path class=\"cls-1\" d=\"M30.33,48.82a.59.59,0,0,1-.29-.07L26.62,47l-3.41,1.79a.63.63,0,0,1-.66,0,.64.64,0,0,1-.25-.62l.65-3.8-2.76-2.7A.63.63,0,0,1,20,41a.62.62,0,0,1,.51-.42L24.36,40l1.7-3.46a.66.66,0,0,1,1.13,0L28.89,40l3.82.56a.62.62,0,0,1,.51.42.63.63,0,0,1-.16.64l-2.76,2.7.65,3.8a.64.64,0,0,1-.25.62A.7.7,0,0,1,30.33,48.82Zm-3.71-3.2a.64.64,0,0,1,.3.08l2.58,1.36L29,44.18a.62.62,0,0,1,.18-.56l2.09-2-2.89-.42a.64.64,0,0,1-.47-.34l-1.3-2.62-1.29,2.62a.64.64,0,0,1-.47.34L22,41.58l2.09,2a.62.62,0,0,1,.18.56l-.49,2.88,2.58-1.36A.63.63,0,0,1,26.62,45.62Z\"><\/path><path class=\"cls-1\" d=\"M46.17,48.82a.59.59,0,0,1-.29-.07L42.46,47,39,48.75a.63.63,0,0,1-.66,0,.64.64,0,0,1-.25-.62l.66-3.8L36,41.59a.62.62,0,0,1,.35-1.06L40.19,40l1.71-3.46a.65.65,0,0,1,1.12,0L44.73,40l3.82.56a.62.62,0,0,1,.5.42.63.63,0,0,1-.16.64l-2.76,2.7.65,3.8a.63.63,0,0,1-.25.62A.66.66,0,0,1,46.17,48.82ZM37.8,41.58l2.09,2a.62.62,0,0,1,.18.56l-.49,2.88,2.59-1.36a.6.6,0,0,1,.58,0l2.59,1.36-.5-2.88a.64.64,0,0,1,.18-.56l2.09-2-2.89-.42a.64.64,0,0,1-.47-.34L42.46,38.2l-1.3,2.62a.62.62,0,0,1-.47.34Z\"><\/path><path class=\"cls-1\" d=\"M7.08,48.82a.66.66,0,0,1-.36-.11.63.63,0,0,1-.25-.62l.65-3.8-2.76-2.7A.61.61,0,0,1,4.2,41a.62.62,0,0,1,.5-.42L8.52,40l1.71-3.46a.63.63,0,0,1,.56-.35h0a.62.62,0,0,1,.56.35L13.06,40l3.82.56a.62.62,0,0,1,.35,1.06l-2.77,2.7.66,3.8a.64.64,0,0,1-.25.62.63.63,0,0,1-.66,0L10.79,47,7.38,48.75A.66.66,0,0,1,7.08,48.82Zm3.71-3.2a.6.6,0,0,1,.29.08l2.59,1.36-.49-2.88a.62.62,0,0,1,.18-.56l2.09-2-2.89-.42a.62.62,0,0,1-.47-.34l-1.3-2.62L9.5,40.82a.64.64,0,0,1-.47.34l-2.89.42,2.09,2a.64.64,0,0,1,.18.56l-.5,2.88L10.5,45.7A.6.6,0,0,1,10.79,45.62Z\"><\/path><path class=\"cls-1\" d=\"M26.62,14.66a4.17,4.17,0,1,1,4.18-4.17A4.18,4.18,0,0,1,26.62,14.66Zm0-7.09a2.92,2.92,0,1,0,2.93,2.92A2.92,2.92,0,0,0,26.62,7.57Z\"><\/path><path class=\"cls-1\" d=\"M33.72,21.75a.63.63,0,0,1-.63-.63,6.47,6.47,0,0,0-12.93,0,.63.63,0,1,1-1.25,0,7.72,7.72,0,0,1,15.43,0A.63.63,0,0,1,33.72,21.75Z\"><\/path><\/g><\/g><\/svg>\t\t\t\t<\/span>\n\t\t\t<\/div>\n\t\t\t\n\t\t\t\t\t\t<div class=\"elementor-icon-box-content\">\n\n\t\t\t\t\t\t\t\t\t<h2 class=\"elementor-icon-box-title\">\n\t\t\t\t\t\t<span  >\n\t\t\t\t\t\t\tOpportunit\u00e9s de carri\u00e8re\t\t\t\t\t\t<\/span>\n\t\t\t\t\t<\/h2>\n\t\t\t\t\n\t\t\t\t\t\t\t\t\t<p class=\"elementor-icon-box-description\">\n\t\t\t\t\t\tChez Sa\u011flam Panel, nous invitons les personnes talentueuses et motiv\u00e9es \u00e0 rejoindre notre \u00e9quipe en pleine croissance. Nous vous offrons diverses opportunit\u00e9s pour faire progresser votre carri\u00e8re, participer \u00e0 des projets innovants et travailler avec les meilleurs professionnels du secteur.\t\t\t\t\t<\/p>\n\t\t\t\t\n\t\t\t<\/div>\n\t\t\t\n\t\t<\/div>\n\t\t\t\t\t\t<\/div>\n\t\t\t\t<\/div>\n\t\t\t\t<div class=\"elementor-element elementor-element-7b6c50c elementor-widget-divider--view-line elementor-widget elementor-widget-divider\" data-id=\"7b6c50c\" data-element_type=\"widget\" data-widget_type=\"divider.default\">\n\t\t\t\t<div class=\"elementor-widget-container\">\n\t\t\t\t\t\t\t<div class=\"elementor-divider\">\n\t\t\t<span class=\"elementor-divider-separator\">\n\t\t\t\t\t\t<\/span>\n\t\t<\/div>\n\t\t\t\t\t\t<\/div>\n\t\t\t\t<\/div>\n\t\t\t\t<div class=\"elementor-element elementor-element-934b355 elementor-view-default elementor-position-top elementor-mobile-position-top elementor-widget elementor-widget-icon-box\" data-id=\"934b355\" data-element_type=\"widget\" data-widget_type=\"icon-box.default\">\n\t\t\t\t<div class=\"elementor-widget-container\">\n\t\t\t\t\t\t\t<div class=\"elementor-icon-box-wrapper\">\n\n\t\t\t\t\t\t<div class=\"elementor-icon-box-icon\">\n\t\t\t\t<span  class=\"elementor-icon\">\n\t\t\t\t<svg xmlns=\"http:\/\/www.w3.org\/2000\/svg\" viewBox=\"0 0 53.25 53.25\"><defs><style>.cls-1{fill:#262626;}<\/style><\/defs><g id=\"&#x421;&#x43B;&#x43E;&#x439;_2\" data-name=\"&#x421;&#x43B;&#x43E;&#x439; 2\"><g id=\"Layer_1\" data-name=\"Layer 1\"><path class=\"cls-1\" d=\"M15.55,30.5a.61.61,0,0,1-.62-.62v-.43a4.61,4.61,0,0,1,.89-2.78,4,4,0,0,0,.7-3.17,3.94,3.94,0,0,0-3-3.09,4,4,0,0,0-3.37.8,4,4,0,0,0-.69,5.46,4.61,4.61,0,0,1,.89,2.78v.43a.62.62,0,0,1-.62.62H.62A.62.62,0,0,1,0,29.88V2.62A2.63,2.63,0,0,1,2.62,0H24.38A.62.62,0,0,1,25,.62V11.28a3.4,3.4,0,0,0,1.84-.64,5.23,5.23,0,0,1,8.23,3.08A5.23,5.23,0,0,1,26.84,19,3.4,3.4,0,0,0,25,18.39V29.87a.63.63,0,0,1-.62.63ZM1.25,29.25H9.07a3.43,3.43,0,0,0-.64-1.84,5.23,5.23,0,1,1,8.39,0,3.43,3.43,0,0,0-.64,1.84h7.57V17.76a.63.63,0,0,1,.63-.62h.43a4.55,4.55,0,0,1,2.78.89A4,4,0,0,0,33,17.34a4,4,0,0,0,.8-3.37,3.92,3.92,0,0,0-3.08-3,4,4,0,0,0-3.17.7,4.63,4.63,0,0,1-2.78.89h-.43a.63.63,0,0,1-.63-.62V1.25H2.62A1.38,1.38,0,0,0,1.25,2.62Z\"><\/path><path class=\"cls-1\" d=\"M52.62,30.5a.63.63,0,0,1-.62-.63V2.62a1.38,1.38,0,0,0-1.38-1.37H24.38a.63.63,0,1,1,0-1.25H50.62a2.63,2.63,0,0,1,2.63,2.62V29.87A.63.63,0,0,1,52.62,30.5Z\"><\/path><path class=\"cls-1\" d=\"M50.62,53.25H24.38a.63.63,0,0,1-.63-.63V44.81a3.34,3.34,0,0,0-1.84.63,5.22,5.22,0,0,1-8.22-3.07,5.23,5.23,0,0,1,8.22-5.32,3.35,3.35,0,0,0,1.84.64V29.88a.63.63,0,0,1,.63-.63H35.9a.63.63,0,0,1,.63.63v.43a4.61,4.61,0,0,1-.89,2.78,4,4,0,1,0,6.38,0,4.61,4.61,0,0,1-.89-2.78v-.43a.63.63,0,0,1,.63-.63H52.62a.63.63,0,0,1,.63.63V50.62A2.63,2.63,0,0,1,50.62,53.25ZM25,52H50.62A1.38,1.38,0,0,0,52,50.62V30.5H42.39A3.36,3.36,0,0,0,43,32.34a5.21,5.21,0,0,1-.9,7.18,5.22,5.22,0,0,1-8.41-3,5.2,5.2,0,0,1,.93-4.16,3.28,3.28,0,0,0,.63-1.84H25v7.82a.63.63,0,0,1-.62.63h-.44a4.63,4.63,0,0,1-2.78-.89,3.91,3.91,0,0,0-2.37-.79,4,4,0,0,0-3.08,1.47,4,4,0,0,0-.8,3.37,4,4,0,0,0,6.25,2.33,4.7,4.7,0,0,1,2.78-.89h.44a.63.63,0,0,1,.62.63Z\"><\/path><path class=\"cls-1\" d=\"M24.38,53.25H2.62A2.63,2.63,0,0,1,0,50.62V29.88a.63.63,0,1,1,1.25,0V50.62A1.38,1.38,0,0,0,2.62,52H24.38a.63.63,0,0,1,0,1.25Z\"><\/path><\/g><\/g><\/svg>\t\t\t\t<\/span>\n\t\t\t<\/div>\n\t\t\t\n\t\t\t\t\t\t<div class=\"elementor-icon-box-content\">\n\n\t\t\t\t\t\t\t\t\t<h2 class=\"elementor-icon-box-title\">\n\t\t\t\t\t\t<span  >\n\t\t\t\t\t\t\tCulture d'entreprise et nos valeurs\t\t\t\t\t\t<\/span>\n\t\t\t\t\t<\/h2>\n\t\t\t\t\n\t\t\t\t\t\t\t\t\t<p class=\"elementor-icon-box-description\">\n\t\t\t\t\t\tChez Sa\u011flam Panel, notre culture d'entreprise est fond\u00e9e sur des valeurs d'honn\u00eatet\u00e9, de collaboration et d'am\u00e9lioration continue. Nous sommes passionn\u00e9s par notre travail et nous travaillons dans un esprit de diversit\u00e9, de respect et d'\u00e9quipe. Gr\u00e2ce \u00e0 une approche centr\u00e9e sur l'humain, nous soutenons l'\u00e9quilibre travail-vie personnelle de nos employ\u00e9s et offrons des opportunit\u00e9s d'apprentissage continu et de d\u00e9veloppement personnel.\t\t\t\t\t<\/p>\n\t\t\t\t\n\t\t\t<\/div>\n\t\t\t\n\t\t<\/div>\n\t\t\t\t\t\t<\/div>\n\t\t\t\t<\/div>\n\t\t\t\t<div class=\"elementor-element elementor-element-1c76400 elementor-widget-divider--view-line elementor-widget elementor-widget-divider\" data-id=\"1c76400\" data-element_type=\"widget\" data-widget_type=\"divider.default\">\n\t\t\t\t<div class=\"elementor-widget-container\">\n\t\t\t\t\t\t\t<div class=\"elementor-divider\">\n\t\t\t<span class=\"elementor-divider-separator\">\n\t\t\t\t\t\t<\/span>\n\t\t<\/div>\n\t\t\t\t\t\t<\/div>\n\t\t\t\t<\/div>\n\t\t\t\t<div class=\"elementor-element elementor-element-abad72c elementor-view-default elementor-position-top elementor-mobile-position-top elementor-widget elementor-widget-icon-box\" data-id=\"abad72c\" data-element_type=\"widget\" data-widget_type=\"icon-box.default\">\n\t\t\t\t<div class=\"elementor-widget-container\">\n\t\t\t\t\t\t\t<div class=\"elementor-icon-box-wrapper\">\n\n\t\t\t\t\t\t<div class=\"elementor-icon-box-icon\">\n\t\t\t\t<span  class=\"elementor-icon\">\n\t\t\t\t<svg xmlns=\"http:\/\/www.w3.org\/2000\/svg\" viewBox=\"0 0 53.25 47.25\"><defs><style>.cls-1{fill:#262626;}<\/style><\/defs><g id=\"&#x421;&#x43B;&#x43E;&#x439;_2\" data-name=\"&#x421;&#x43B;&#x43E;&#x439; 2\"><g id=\"Layer_1\" data-name=\"Layer 1\"><path class=\"cls-1\" d=\"M40.49,39.71a.59.59,0,0,1-.29-.07.62.62,0,0,1-.26-.85l6.27-11.92a.63.63,0,0,1,.84-.26.62.62,0,0,1,.26.85L41,39.38A.62.62,0,0,1,40.49,39.71Z\"><\/path><path class=\"cls-1\" d=\"M34.62,43.25h-16a.63.63,0,1,1,0-1.25h16a.63.63,0,1,1,0,1.25Z\"><\/path><path class=\"cls-1\" d=\"M12.76,39.71a.62.62,0,0,1-.55-.33L5.93,27.46A.63.63,0,0,1,7,26.87l6.27,11.92a.62.62,0,0,1-.26.85A.59.59,0,0,1,12.76,39.71Z\"><\/path><path class=\"cls-1\" d=\"M6.49,20.71a.59.59,0,0,1-.29-.07.63.63,0,0,1-.27-.85L12.21,7.87a.63.63,0,0,1,.84-.26.62.62,0,0,1,.26.85L7,20.38A.62.62,0,0,1,6.49,20.71Z\"><\/path><path class=\"cls-1\" d=\"M34.62,5.25h-16a.63.63,0,0,1,0-1.25h16a.63.63,0,1,1,0,1.25Z\"><\/path><path class=\"cls-1\" d=\"M46.76,20.71a.62.62,0,0,1-.55-.33L39.94,8.46a.62.62,0,0,1,.26-.85.63.63,0,0,1,.84.26L47.32,19.8a.62.62,0,0,1-.27.84A.59.59,0,0,1,46.76,20.71Z\"><\/path><path class=\"cls-1\" d=\"M48.62,28.25a4.63,4.63,0,1,1,4.63-4.63A4.64,4.64,0,0,1,48.62,28.25Zm0-8A3.38,3.38,0,1,0,52,23.62,3.37,3.37,0,0,0,48.62,20.25Z\"><\/path><path class=\"cls-1\" d=\"M38.62,9.25a4.63,4.63,0,1,1,4.63-4.63A4.64,4.64,0,0,1,38.62,9.25Zm0-8A3.38,3.38,0,1,0,42,4.62,3.37,3.37,0,0,0,38.62,1.25Z\"><\/path><path class=\"cls-1\" d=\"M14.62,9.25a4.63,4.63,0,1,1,4.63-4.63A4.64,4.64,0,0,1,14.62,9.25Zm0-8A3.38,3.38,0,1,0,18,4.62,3.37,3.37,0,0,0,14.62,1.25Z\"><\/path><path class=\"cls-1\" d=\"M38.62,47.25a4.63,4.63,0,1,1,4.63-4.63A4.64,4.64,0,0,1,38.62,47.25Zm0-8A3.38,3.38,0,1,0,42,42.62,3.37,3.37,0,0,0,38.62,39.25Z\"><\/path><path class=\"cls-1\" d=\"M14.62,47.25a4.63,4.63,0,1,1,4.63-4.63A4.64,4.64,0,0,1,14.62,47.25Zm0-8A3.38,3.38,0,1,0,18,42.62,3.37,3.37,0,0,0,14.62,39.25Z\"><\/path><path class=\"cls-1\" d=\"M4.62,28.25a4.63,4.63,0,1,1,4.63-4.63A4.64,4.64,0,0,1,4.62,28.25Zm0-8A3.38,3.38,0,1,0,8,23.62,3.37,3.37,0,0,0,4.62,20.25Z\"><\/path><path class=\"cls-1\" d=\"M32,15.8a.58.58,0,0,1-.33-.1.62.62,0,0,1-.19-.86L36,7.67A.63.63,0,0,1,37,8.34l-4.53,7.17A.62.62,0,0,1,32,15.8Z\"><\/path><path class=\"cls-1\" d=\"M16.76,39.87a.58.58,0,0,1-.33-.1.62.62,0,0,1-.2-.86l4.53-7.17a.62.62,0,1,1,1,.67l-4.52,7.17A.62.62,0,0,1,16.76,39.87Z\"><\/path><path class=\"cls-1\" d=\"M36.49,39.87a.62.62,0,0,1-.53-.29l-4.52-7.17a.62.62,0,0,1,1.05-.67L37,38.91a.63.63,0,0,1-.19.86A.61.61,0,0,1,36.49,39.87Z\"><\/path><path class=\"cls-1\" d=\"M21.29,15.8a.64.64,0,0,1-.53-.29L16.23,8.34a.63.63,0,0,1,1.06-.67l4.52,7.17a.62.62,0,0,1-.19.86A.58.58,0,0,1,21.29,15.8Z\"><\/path><path class=\"cls-1\" d=\"M16.62,24.25h-8a.63.63,0,0,1,0-1.25h8a.63.63,0,1,1,0,1.25Z\"><\/path><path class=\"cls-1\" d=\"M44.62,24.25h-8a.63.63,0,0,1,0-1.25h8a.63.63,0,1,1,0,1.25Z\"><\/path><path class=\"cls-1\" d=\"M26.62,34.25A10.63,10.63,0,1,1,37.25,23.62,10.64,10.64,0,0,1,26.62,34.25Zm0-20A9.38,9.38,0,1,0,36,23.62,9.39,9.39,0,0,0,26.62,14.25Z\"><\/path><path class=\"cls-1\" d=\"M26.62,24.25A3.38,3.38,0,1,1,30,20.88,3.37,3.37,0,0,1,26.62,24.25Zm0-5.5a2.13,2.13,0,1,0,2.13,2.13A2.12,2.12,0,0,0,26.62,18.75Z\"><\/path><path class=\"cls-1\" d=\"M32.12,29.75a.63.63,0,0,1-.62-.63,4.88,4.88,0,0,0-9.75,0,.63.63,0,1,1-1.25,0,6.13,6.13,0,0,1,12.25,0A.63.63,0,0,1,32.12,29.75Z\"><\/path><\/g><\/g><\/svg>\t\t\t\t<\/span>\n\t\t\t<\/div>\n\t\t\t\n\t\t\t\t\t\t<div class=\"elementor-icon-box-content\">\n\n\t\t\t\t\t\t\t\t\t<h2 class=\"elementor-icon-box-title\">\n\t\t\t\t\t\t<span  >\n\t\t\t\t\t\t\tAvantages pour les employ\u00e9s\t\t\t\t\t\t<\/span>\n\t\t\t\t\t<\/h2>\n\t\t\t\t\n\t\t\t\t\t\t\t\t\t<p class=\"elementor-icon-box-description\">\n\t\t\t\t\t\tChez Sa\u011flam Panel, nous accordons une grande importance au bonheur et \u00e0 la satisfaction de nos employ\u00e9s. Le succ\u00e8s de nos employ\u00e9s fa\u00e7onne le succ\u00e8s de notre entreprise.\t\t\t\t\t<\/p>\n\t\t\t\t\n\t\t\t<\/div>\n\t\t\t\n\t\t<\/div>\n\t\t\t\t\t\t<\/div>\n\t\t\t\t<\/div>\n\t\t\t\t<\/div>\n\t\t<div class=\"elementor-element elementor-element-3a77197 e-con-full e-flex e-con e-child\" data-id=\"3a77197\" data-element_type=\"container\" data-settings=\"{&quot;sticky&quot;:&quot;top&quot;,&quot;sticky_on&quot;:[&quot;desktop&quot;],&quot;sticky_offset&quot;:20,&quot;sticky_parent&quot;:&quot;yes&quot;,&quot;sticky_effects_offset&quot;:0,&quot;sticky_anchor_link_offset&quot;:0}\">\n\t\t\t\t<div class=\"elementor-element elementor-element-f980140 elementor-widget elementor-widget-heading\" data-id=\"f980140\" data-element_type=\"widget\" data-widget_type=\"heading.default\">\n\t\t\t\t<div class=\"elementor-widget-container\">\n\t\t\t\t\t<h2 class=\"elementor-heading-title elementor-size-default\">Formulaire de candidature<\/h2>\t\t\t\t<\/div>\n\t\t\t\t<\/div>\n\t\t\t\t<div class=\"elementor-element elementor-element-4ea0228 elementor-widget-divider--view-line elementor-widget elementor-widget-divider\" data-id=\"4ea0228\" data-element_type=\"widget\" data-widget_type=\"divider.default\">\n\t\t\t\t<div class=\"elementor-widget-container\">\n\t\t\t\t\t\t\t<div class=\"elementor-divider\">\n\t\t\t<span class=\"elementor-divider-separator\">\n\t\t\t\t\t\t<\/span>\n\t\t<\/div>\n\t\t\t\t\t\t<\/div>\n\t\t\t\t<\/div>\n\t\t\t\t<div class=\"elementor-element elementor-element-61c5575 elementor-button-align-stretch elementor-widget elementor-widget-form\" data-id=\"61c5575\" data-element_type=\"widget\" data-settings=\"{&quot;step_next_label&quot;:&quot;Suivant&quot;,&quot;step_previous_label&quot;:&quot;Pr\\u00e9c\\u00e9dent&quot;,&quot;button_width&quot;:&quot;100&quot;,&quot;step_type&quot;:&quot;number_text&quot;,&quot;step_icon_shape&quot;:&quot;circle&quot;}\" data-widget_type=\"form.default\">\n\t\t\t\t<div class=\"elementor-widget-container\">\n\t\t\t\t\t\t\t<form class=\"elementor-form\" method=\"post\" name=\"Nouveau Formulaire\" aria-label=\"Nouveau Formulaire\">\n\t\t\t<input type=\"hidden\" name=\"post_id\" value=\"14188\"\/>\n\t\t\t<input type=\"hidden\" name=\"form_id\" value=\"61c5575\"\/>\n\t\t\t<input type=\"hidden\" name=\"referer_title\" value=\"Ressources Humaines | Opportunit\u00e9s de Carri\u00e8re chez Sa\u011flam Panel\" \/>\n\n\t\t\t\t\t\t\t<input type=\"hidden\" name=\"queried_id\" value=\"14188\"\/>\n\t\t\t\n\t\t\t<div class=\"elementor-form-fields-wrapper elementor-labels-above\">\n\t\t\t\t\t\t\t\t<div class=\"elementor-field-type-text elementor-field-group elementor-column elementor-field-group-name elementor-col-50 elementor-field-required\">\n\t\t\t\t\t\t\t\t\t\t\t\t\t<input size=\"1\" type=\"text\" name=\"form_fields[name]\" id=\"form-field-name\" class=\"elementor-field elementor-size-sm  elementor-field-textual\" placeholder=\"Pr\u00e9nom\" required=\"required\">\n\t\t\t\t\t\t\t\t\t\t\t<\/div>\n\t\t\t\t\t\t\t\t<div class=\"elementor-field-type-text elementor-field-group elementor-column elementor-field-group-field_5273694 elementor-col-50 elementor-field-required\">\n\t\t\t\t\t\t\t\t\t\t\t\t\t<input size=\"1\" type=\"text\" name=\"form_fields[field_5273694]\" id=\"form-field-field_5273694\" class=\"elementor-field elementor-size-sm  elementor-field-textual\" placeholder=\"Nom\" required=\"required\">\n\t\t\t\t\t\t\t\t\t\t\t<\/div>\n\t\t\t\t\t\t\t\t<div class=\"elementor-field-type-email elementor-field-group elementor-column elementor-field-group-email elementor-col-50 elementor-field-required\">\n\t\t\t\t\t\t\t\t\t\t\t\t\t<input size=\"1\" type=\"email\" name=\"form_fields[email]\" id=\"form-field-email\" class=\"elementor-field elementor-size-sm  elementor-field-textual\" placeholder=\"Entrez votre adresse e-mail.\" required=\"required\">\n\t\t\t\t\t\t\t\t\t\t\t<\/div>\n\t\t\t\t\t\t\t\t<div class=\"elementor-field-type-tel elementor-field-group elementor-column elementor-field-group-field_c0772c9 elementor-col-50 elementor-field-required\">\n\t\t\t\t\t\t\t<input size=\"1\" type=\"tel\" name=\"form_fields[field_c0772c9]\" id=\"form-field-field_c0772c9\" class=\"elementor-field elementor-size-sm  elementor-field-textual\" placeholder=\"T\u00e9l\u00e9phone\" required=\"required\" pattern=\"[0-9()#&amp;+*-=.]+\" title=\"Seuls les caract\u00e8res de num\u00e9ros de t\u00e9l\u00e9phone (#, -, *, etc.) sont accept\u00e9s.\">\n\n\t\t\t\t\t\t<\/div>\n\t\t\t\t\t\t\t\t<div class=\"elementor-field-type-textarea elementor-field-group elementor-column elementor-field-group-field_500483e elementor-col-100 elementor-field-required\">\n\t\t\t\t\t<textarea class=\"elementor-field-textual elementor-field  elementor-size-sm\" name=\"form_fields[field_500483e]\" id=\"form-field-field_500483e\" rows=\"4\" placeholder=\"Adresse de r\u00e9sidence\" required=\"required\"><\/textarea>\t\t\t\t<\/div>\n\t\t\t\t\t\t\t\t<div class=\"elementor-field-type-text elementor-field-group elementor-column elementor-field-group-field_191f442 elementor-col-100 elementor-field-required\">\n\t\t\t\t\t\t\t\t\t\t\t\t\t<input size=\"1\" type=\"text\" name=\"form_fields[field_191f442]\" id=\"form-field-field_191f442\" class=\"elementor-field elementor-size-sm  elementor-field-textual\" placeholder=\"Poste souhait\u00e9\" required=\"required\">\n\t\t\t\t\t\t\t\t\t\t\t<\/div>\n\t\t\t\t\t\t\t\t<div class=\"elementor-field-type-textarea elementor-field-group elementor-column elementor-field-group-field_fab4d94 elementor-col-100 elementor-field-required\">\n\t\t\t\t\t<textarea class=\"elementor-field-textual elementor-field  elementor-size-sm\" name=\"form_fields[field_fab4d94]\" id=\"form-field-field_fab4d94\" rows=\"4\" placeholder=\"Vos r\u00e9f\u00e9rences\" required=\"required\"><\/textarea>\t\t\t\t<\/div>\n\t\t\t\t\t\t\t\t<div class=\"elementor-field-type-upload elementor-field-group elementor-column elementor-field-group-message elementor-col-100\">\n\t\t\t\t\t\t\t\t\t\t\t\t<label for=\"form-field-message\" class=\"elementor-field-label\">\n\t\t\t\t\t\t\t\tCV - Curriculum Vitae\t\t\t\t\t\t\t<\/label>\n\t\t\t\t\t\t\t\t<input type=\"file\" name=\"form_fields[message]\" id=\"form-field-message\" class=\"elementor-field elementor-size-sm  elementor-upload-field\" data-maxsize=\"10\" data-maxsize-message=\"Ce fichier d\u00e9passe la taille maximale autoris\u00e9e.\">\n\n\t\t\t\t\t\t<\/div>\n\t\t\t\t\t\t\t\t<div class=\"elementor-field-type-textarea elementor-field-group elementor-column elementor-field-group-field_c0d24e4 elementor-col-100\">\n\t\t\t\t\t<textarea class=\"elementor-field-textual elementor-field  elementor-size-sm\" name=\"form_fields[field_c0d24e4]\" id=\"form-field-field_c0d24e4\" rows=\"4\" placeholder=\"Informations suppl\u00e9mentaires vous concernant\"><\/textarea>\t\t\t\t<\/div>\n\t\t\t\t\t\t\t\t<div class=\"elementor-field-type-recaptcha_v3 elementor-field-group elementor-column elementor-field-group-field_018b2ae elementor-col-100 recaptcha_v3-inline\">\n\t\t\t\t\t<div class=\"elementor-field\" id=\"form-field-field_018b2ae\"><div class=\"elementor-g-recaptcha\" data-sitekey=\"6Ld6D5EnAAAAAFeTdOMwGpqjb2-7fl38tCZ-K_kT\" data-type=\"v3\" data-action=\"Form\" data-badge=\"inline\" data-size=\"invisible\"><\/div><\/div>\t\t\t\t<\/div>\n\t\t\t\t\t\t\t\t<div class=\"elementor-field-group elementor-column elementor-field-type-submit elementor-col-100 e-form__buttons\">\n\t\t\t\t\t<button class=\"elementor-button elementor-size-lg\" type=\"submit\">\n\t\t\t\t\t\t<span class=\"elementor-button-content-wrapper\">\n\t\t\t\t\t\t\t\t\t\t\t\t\t\t\t\t\t\t\t\t\t\t<span class=\"elementor-button-text\">Rejoignez-nous<\/span>\n\t\t\t\t\t\t\t\t\t\t\t\t\t<\/span>\n\t\t\t\t\t<\/button>\n\t\t\t\t<\/div>\n\t\t\t<\/div>\n\t\t<\/form>\n\t\t\t\t\t\t<\/div>\n\t\t\t\t<\/div>\n\t\t\t\t<\/div>\n\t\t\t\t\t<\/div>\n\t\t\t\t<\/div>\n\t\t\t\t<\/div>\n\t\t","protected":false},"excerpt":{"rendered":"<p>Rejoignez-nous Ressources humaines Sa\u011flam Panel LinkedIn Opportunit\u00e9s de carri\u00e8re Chez Sa\u011flam Panel, nous invitons les personnes talentueuses et motiv\u00e9es \u00e0 rejoindre notre \u00e9quipe en pleine croissance. Nous vous offrons diverses opportunit\u00e9s pour faire progresser votre carri\u00e8re, participer \u00e0 des projets innovants et travailler avec les meilleurs professionnels du secteur. Culture d&rsquo;entreprise et nos valeurs Chez [&hellip;]<\/p>\n","protected":false},"author":1,"featured_media":14192,"parent":0,"menu_order":0,"comment_status":"closed","ping_status":"closed","template":"","meta":{"_acf_changed":false,"inline_featured_image":false,"footnotes":""},"class_list":["post-14188","page","type-page","status-publish","has-post-thumbnail","hentry"],"acf":[],"_links":{"self":[{"href":"https:\/\/saglampanel.com\/fr\/wp-json\/wp\/v2\/pages\/14188","targetHints":{"allow":["GET"]}}],"collection":[{"href":"https:\/\/saglampanel.com\/fr\/wp-json\/wp\/v2\/pages"}],"about":[{"href":"https:\/\/saglampanel.com\/fr\/wp-json\/wp\/v2\/types\/page"}],"author":[{"embeddable":true,"href":"https:\/\/saglampanel.com\/fr\/wp-json\/wp\/v2\/users\/1"}],"replies":[{"embeddable":true,"href":"https:\/\/saglampanel.com\/fr\/wp-json\/wp\/v2\/comments?post=14188"}],"version-history":[{"count":1,"href":"https:\/\/saglampanel.com\/fr\/wp-json\/wp\/v2\/pages\/14188\/revisions"}],"predecessor-version":[{"id":14193,"href":"https:\/\/saglampanel.com\/fr\/wp-json\/wp\/v2\/pages\/14188\/revisions\/14193"}],"wp:featuredmedia":[{"embeddable":true,"href":"https:\/\/saglampanel.com\/fr\/wp-json\/wp\/v2\/media\/14192"}],"wp:attachment":[{"href":"https:\/\/saglampanel.com\/fr\/wp-json\/wp\/v2\/media?parent=14188"}],"curies":[{"name":"wp","href":"https:\/\/api.w.org\/{rel}","templated":true}]}}